{"id":86,"date":"2019-03-14T21:19:00","date_gmt":"2019-03-14T21:19:00","guid":{"rendered":"http:\/\/lernenundberatung.de\/?page_id=86"},"modified":"2019-03-18T19:03:40","modified_gmt":"2019-03-18T19:03:40","slug":"impressum","status":"publish","type":"page","link":"https:\/\/Wir-und-Lernen.de\/?page_id=86","title":{"rendered":"Impressum"},"content":{"rendered":"\t\t<div data-elementor-type=\"wp-post\" data-elementor-id=\"86\" class=\"elementor elementor-86\" data-elementor-post-type=\"page\">\n\t\t\t\t\t\t<section class=\"elementor-section elementor-top-section elementor-element elementor-element-890f2e3 animated-slow elementor-section-boxed elementor-section-height-default elementor-section-height-default elementor-invisible\" data-id=\"890f2e3\" data-element_type=\"section\" data-settings=\"{&quot;animation&quot;:&quot;fadeIn&quot;}\">\n\t\t\t\t\t\t<div class=\"elementor-container elementor-column-gap-default\">\n\t\t\t\t\t<div class=\"elementor-column elementor-col-100 elementor-top-column elementor-element elementor-element-4fc4c6b\" data-id=\"4fc4c6b\" data-element_type=\"column\">\n\t\t\t<div class=\"elementor-widget-wrap elementor-element-populated\">\n\t\t\t\t\t\t<div class=\"elementor-element elementor-element-ef665f0 elementor-widget elementor-widget-text-editor\" data-id=\"ef665f0\" data-element_type=\"widget\" data-widget_type=\"text-editor.default\">\n\t\t\t\t<div class=\"elementor-widget-container\">\n\t\t\t\t\t\t\t\t\t<p><span style=\"color: #000000; font-size: 10pt; font-family: comic sans ms, sans-serif;\"><strong><span style=\"font-size: 14pt;\">Impressum<br \/>\u00a0\u00a0\u00a0\u00a0\u00a0\u00a0<\/span>\u00a0 <br \/><\/strong><\/span><span style=\"color: #000000; font-size: 10pt; font-family: comic sans ms, sans-serif;\">Angaben gem\u00e4\u00df \u00a7 5 TMG<\/span><\/p><p><span style=\"color: #000000; font-size: 10pt; font-family: comic sans ms, sans-serif;\">Ellen Born<\/span><br \/><span style=\"color: #000000; font-size: 10pt; font-family: comic sans ms, sans-serif;\">Praxis f\u00fcr Integrative Lerntherapie, Lernf\u00f6rderung und Familienberatung<\/span><br \/><span style=\"color: #000000; font-size: 10pt; font-family: comic sans ms, sans-serif;\">Nordlandweg 13<\/span><br \/><span style=\"color: #000000; font-size: 10pt; font-family: comic sans ms, sans-serif;\">22145 Hamburg<\/span><\/p><p><span style=\"color: #000000; font-size: 10pt; font-family: comic sans ms, sans-serif;\"><strong>Kontakt<\/strong><\/span><\/p><p><span style=\"color: #000000; font-size: 10pt; font-family: comic sans ms, sans-serif;\">Telefon: 040 \/ 668 54 610<\/span><br \/><span style=\"color: #000000; font-size: 10pt; font-family: comic sans ms, sans-serif;\">E-Mail: ellenborn@gmx.de<\/span><\/p><p><span style=\"color: #000000; font-size: 10pt; font-family: comic sans ms, sans-serif;\"><strong>Berufsbezeichnung und berufsrechtliche Regelungen<\/strong><\/span><\/p><p><span style=\"color: #000000; font-size: 10pt; font-family: comic sans ms, sans-serif;\">Berufsbezeichnung: Sozialp\u00e4dagogin<\/span><\/p><p><span style=\"color: #000000; font-size: 10pt; font-family: comic sans ms, sans-serif;\">Wir sind nicht bereit oder verpflichtet, an Streitbeilegungsverfahren vor einer<\/span><br \/><span style=\"color: #000000; font-size: 10pt; font-family: comic sans ms, sans-serif;\">Verbraucherschlichtungsstelle teilzunehmen.<\/span><\/p><p><span style=\"color: #000000; font-size: 10pt; font-family: comic sans ms, sans-serif;\"><strong>Haftung f\u00fcr Inhalte<\/strong><\/span><\/p><p><span style=\"color: #000000; font-size: 10pt; font-family: comic sans ms, sans-serif;\">Als Diensteanbieter sind wir gem\u00e4\u00df \u00a7 7 Abs.1 TMG f\u00fcr eigene Inhalte auf diesen Seiten nach den<\/span><br \/><span style=\"color: #000000; font-size: 10pt; font-family: comic sans ms, sans-serif;\">allgemeinen Gesetzen verantwortlich. Nach \u00a7\u00a7 8 bis 10 TMG sind wir als Diensteanbieter jedoch nicht<\/span><br \/><span style=\"color: #000000; font-size: 10pt; font-family: comic sans ms, sans-serif;\">verpflichtet, \u00fcbermittelte oder gespeicherte fremde Informationen zu \u00fcberwachen oder nach Umst\u00e4nden zu<\/span><br \/><span style=\"color: #000000; font-size: 10pt; font-family: comic sans ms, sans-serif;\">forschen, die auf eine rechtswidrige T\u00e4tigkeit hinweisen.<\/span><br \/><span style=\"color: #000000; font-size: 10pt; font-family: comic sans ms, sans-serif;\">Verpflichtungen zur Entfernung oder Sperrung der Nutzung von Informationen nach den allgemeinen<\/span><br \/><span style=\"color: #000000; font-size: 10pt; font-family: comic sans ms, sans-serif;\">Gesetzen bleiben hiervon unber\u00fchrt. Eine diesbez\u00fcgliche Haftung ist jedoch erst ab dem Zeitpunkt der<\/span><br \/><span style=\"color: #000000; font-size: 10pt; font-family: comic sans ms, sans-serif;\">Kenntnis einer konkreten Rechtsverletzung m\u00f6glich. Bei Bekanntwerden von entsprechenden<\/span><br \/><span style=\"color: #000000; font-size: 10pt; font-family: comic sans ms, sans-serif;\">Rechtsverletzungen werden wir diese Inhalte umgehend entfernen.<\/span><span style=\"color: #000000; font-size: 10pt; font-family: comic sans ms, sans-serif;\"><br \/><\/span><\/p><p><span style=\"color: #000000; font-size: 10pt; font-family: comic sans ms, sans-serif;\"><strong>Haftung f\u00fcr Links<\/strong><\/span><\/p><p><span style=\"color: #000000; font-size: 10pt; font-family: comic sans ms, sans-serif;\">Unser Angebot enth\u00e4lt Links zu externen Websites Dritter, auf deren Inhalte wir keinen Einfluss haben.<\/span><br \/><span style=\"color: #000000; font-size: 10pt; font-family: comic sans ms, sans-serif;\">Deshalb k\u00f6nnen wir f\u00fcr diese fremden Inhalte auch keine Gew\u00e4hr \u00fcbernehmen. F\u00fcr die Inhalte der<\/span><br \/><span style=\"color: #000000; font-size: 10pt; font-family: comic sans ms, sans-serif;\">verlinkten Seiten ist stets der jeweilige Anbieter oder Betreiber der Seiten verantwortlich. Die verlinkten<\/span><br \/><span style=\"color: #000000; font-size: 10pt; font-family: comic sans ms, sans-serif;\">Seiten wurden zum Zeitpunkt der Verlinkung auf m\u00f6gliche Rechtsverst\u00f6\u00dfe \u00fcberpr\u00fcft. Rechtswidrige Inhalte<\/span><br \/><span style=\"color: #000000; font-size: 10pt; font-family: comic sans ms, sans-serif;\">waren zum Zeitpunkt der Verlinkung nicht erkennbar.<\/span><br \/><span style=\"color: #000000; font-size: 10pt; font-family: comic sans ms, sans-serif;\">Eine permanente inhaltliche Kontrolle der verlinkten Seiten ist jedoch ohne konkrete Anhaltspunkte einer<\/span><br \/><span style=\"color: #000000; font-size: 10pt; font-family: comic sans ms, sans-serif;\">Rechtsverletzung nicht zumutbar. Bei Bekanntwerden von Rechtsverletzungen werden wir derartige Links<\/span><br \/><span style=\"color: #000000; font-size: 10pt; font-family: comic sans ms, sans-serif;\">umgehend entfernen.<\/span><\/p><p><span style=\"color: #000000; font-size: 10pt; font-family: comic sans ms, sans-serif;\"><strong>Urheberrecht<\/strong><\/span><\/p><p><span style=\"color: #000000; font-size: 10pt; font-family: comic sans ms, sans-serif;\">Die durch die Seitenbetreiber erstellten Inhalte und Werke auf diesen Seiten unterliegen dem deutschen<\/span><br \/><span style=\"color: #000000; font-size: 10pt; font-family: comic sans ms, sans-serif;\">Urheberrecht. Die Vervielf\u00e4ltigung, Bearbeitung, Verbreitung und jede Art der Verwertung au\u00dferhalb der<\/span><br \/><span style=\"color: #000000; font-size: 10pt; font-family: comic sans ms, sans-serif;\">Grenzen des Urheberrechtes bed\u00fcrfen der schriftlichen Zustimmung des jeweiligen Autors bzw. Erstellers.<\/span><br \/><span style=\"color: #000000; font-size: 10pt; font-family: comic sans ms, sans-serif;\">Downloads und Kopien dieser Seite sind nur f\u00fcr den privaten, nicht kommerziellen Gebrauch gestattet.<\/span><br \/><span style=\"color: #000000; font-size: 10pt; font-family: comic sans ms, sans-serif;\">Soweit die Inhalte auf dieser Seite nicht vom Betreiber erstellt wurden, werden die Urheberrechte Dritter<\/span><br \/><span style=\"color: #000000; font-size: 10pt; font-family: comic sans ms, sans-serif;\">beachtet. Insbesondere werden Inhalte Dritter als solche gekennzeichnet. Sollten Sie trotzdem auf eine<\/span><br \/><span style=\"color: #000000; font-size: 10pt; font-family: comic sans ms, sans-serif;\">Urheberrechtsverletzung aufmerksam werden, bitten wir um einen entsprechenden Hinweis. Bei<\/span><br \/><span style=\"color: #000000; font-size: 10pt; font-family: comic sans ms, sans-serif;\">Bekanntwerden von Rechtsverletzungen werden wir derartige Inhalte umgehend entfernen.<\/span><\/p>\t\t\t\t\t\t\t\t<\/div>\n\t\t\t\t<\/div>\n\t\t\t\t\t<\/div>\n\t\t<\/div>\n\t\t\t\t\t<\/div>\n\t\t<\/section>\n\t\t\t\t<\/div>\n\t\t","protected":false},"excerpt":{"rendered":"<p>Impressum\u00a0\u00a0\u00a0\u00a0\u00a0\u00a0\u00a0 Angaben gem\u00e4\u00df \u00a7 5 TMG Ellen BornPraxis f\u00fcr Integrative Lerntherapie, Lernf\u00f6rderung und FamilienberatungNordlandweg 1322145 Hamburg Kontakt Telefon: 040 \/ 668 54 610E-Mail: ellenborn@gmx.de Berufsbezeichnung und berufsrechtliche Regelungen Berufsbezeichnung: Sozialp\u00e4dagogin Wir sind nicht bereit oder verpflichtet, an Streitbeilegungsverfahren vor einerVerbraucherschlichtungsstelle teilzunehmen. Haftung f\u00fcr Inhalte Als Diensteanbieter sind wir gem\u00e4\u00df \u00a7 7 Abs.1 TMG f\u00fcr eigene [&hellip;]<\/p>\n","protected":false},"author":1,"featured_media":0,"parent":0,"menu_order":0,"comment_status":"closed","ping_status":"closed","template":"","meta":{"footnotes":""},"class_list":["post-86","page","type-page","status-publish","hentry"],"_links":{"self":[{"href":"https:\/\/Wir-und-Lernen.de\/index.php?rest_route=\/wp\/v2\/pages\/86","targetHints":{"allow":["GET"]}}],"collection":[{"href":"https:\/\/Wir-und-Lernen.de\/index.php?rest_route=\/wp\/v2\/pages"}],"about":[{"href":"https:\/\/Wir-und-Lernen.de\/index.php?rest_route=\/wp\/v2\/types\/page"}],"author":[{"embeddable":true,"href":"https:\/\/Wir-und-Lernen.de\/index.php?rest_route=\/wp\/v2\/users\/1"}],"replies":[{"embeddable":true,"href":"https:\/\/Wir-und-Lernen.de\/index.php?rest_route=%2Fwp%2Fv2%2Fcomments&post=86"}],"version-history":[{"count":12,"href":"https:\/\/Wir-und-Lernen.de\/index.php?rest_route=\/wp\/v2\/pages\/86\/revisions"}],"predecessor-version":[{"id":245,"href":"https:\/\/Wir-und-Lernen.de\/index.php?rest_route=\/wp\/v2\/pages\/86\/revisions\/245"}],"wp:attachment":[{"href":"https:\/\/Wir-und-Lernen.de\/index.php?rest_route=%2Fwp%2Fv2%2Fmedia&parent=86"}],"curies":[{"name":"wp","href":"https:\/\/api.w.org\/{rel}","templated":true}]}}