{"id":41,"date":"2019-03-14T20:08:02","date_gmt":"2019-03-14T20:08:02","guid":{"rendered":"http:\/\/lernenundberatung.de\/?page_id=41"},"modified":"2024-02-02T15:59:44","modified_gmt":"2024-02-02T15:59:44","slug":"zur-person","status":"publish","type":"page","link":"https:\/\/Wir-und-Lernen.de\/?page_id=41","title":{"rendered":"Zur Person"},"content":{"rendered":"\t\t<div data-elementor-type=\"wp-post\" data-elementor-id=\"41\" class=\"elementor elementor-41\" data-elementor-post-type=\"page\">\n\t\t\t\t\t\t<section class=\"elementor-section elementor-top-section elementor-element elementor-element-bfddbfd animated-slow elementor-section-boxed elementor-section-height-default elementor-section-height-default elementor-invisible\" data-id=\"bfddbfd\" data-element_type=\"section\" data-settings=\"{&quot;animation&quot;:&quot;fadeIn&quot;}\">\n\t\t\t\t\t\t<div class=\"elementor-container elementor-column-gap-default\">\n\t\t\t\t\t<div class=\"elementor-column elementor-col-100 elementor-top-column elementor-element elementor-element-bd7e20a\" data-id=\"bd7e20a\" data-element_type=\"column\">\n\t\t\t<div class=\"elementor-widget-wrap elementor-element-populated\">\n\t\t\t\t\t\t<div class=\"elementor-element elementor-element-2cda815 elementor-widget elementor-widget-text-editor\" data-id=\"2cda815\" data-element_type=\"widget\" data-widget_type=\"text-editor.default\">\n\t\t\t\t<div class=\"elementor-widget-container\">\n\t\t\t\t\t\t\t\t\t<p style=\"text-align: center;\"><strong><span style=\"font-size: 18pt; font-family: comic sans ms, sans-serif; color: #3b71a3;\">\u00a0Ellen Born<\/span><\/strong>\u00a0<\/p><p style=\"text-align: center;\"><span style=\"color: #000000; font-size: 12pt; font-family: comic sans ms, sans-serif;\">Jahrgang 1963, verheiratet<\/span><\/p><p style=\"text-align: center;\"><span style=\"color: #000000; font-size: 12pt; font-family: comic sans ms, sans-serif;\">langj\u00e4hrige T\u00e4tigkeit in der sozialp\u00e4dagogischen Arbeit mit Kindern, Jugendlichen<\/span><\/p><p style=\"text-align: center;\"><span style=\"color: #000000; font-size: 12pt; font-family: comic sans ms, sans-serif;\">Erwachsenen und Familien.<\/span><\/p><p style=\"text-align: center;\"><span style=\"color: #000000; font-size: 12pt; font-family: comic sans ms, sans-serif;\">langj\u00e4hrige Berufserfahrung in systemischer Beratung und<\/span><\/p><p style=\"text-align: center;\"><span style=\"color: #000000; font-size: 12pt; font-family: comic sans ms, sans-serif;\">in entwicklungs- und lerntherapeutischer F\u00f6rderung.<\/span><\/p><p style=\"text-align: center;\"><span style=\"font-size: 12pt; font-family: comic sans ms, sans-serif; color: #000000;\">Seit 2005 t\u00e4tig in eigener Praxis.<\/span><\/p>\t\t\t\t\t\t\t\t<\/div>\n\t\t\t\t<\/div>\n\t\t\t\t\t<\/div>\n\t\t<\/div>\n\t\t\t\t\t<\/div>\n\t\t<\/section>\n\t\t\t\t<section class=\"elementor-section elementor-top-section elementor-element elementor-element-3b0995f animated-slow elementor-section-boxed elementor-section-height-default elementor-section-height-default elementor-invisible\" data-id=\"3b0995f\" data-element_type=\"section\" data-settings=\"{&quot;animation&quot;:&quot;slideInDown&quot;}\">\n\t\t\t\t\t\t<div class=\"elementor-container elementor-column-gap-default\">\n\t\t\t\t\t<div class=\"elementor-column elementor-col-100 elementor-top-column elementor-element elementor-element-69a0229\" data-id=\"69a0229\" data-element_type=\"column\">\n\t\t\t<div class=\"elementor-widget-wrap elementor-element-populated\">\n\t\t\t\t\t\t<div class=\"elementor-element elementor-element-2b95f10 animated-slow elementor-invisible elementor-widget elementor-widget-text-editor\" data-id=\"2b95f10\" data-element_type=\"widget\" data-settings=\"{&quot;_animation&quot;:&quot;fadeInDown&quot;,&quot;_animation_delay&quot;:200}\" data-widget_type=\"text-editor.default\">\n\t\t\t\t<div class=\"elementor-widget-container\">\n\t\t\t\t\t\t\t\t\t<p><img decoding=\"async\" class=\"alignnone wp-image-206\" src=\"https:\/\/Wir-und-lernen.de\/wp-content\/uploads\/2019\/03\/Marienk\u00e4fer-rot.png\" alt=\"\" width=\"41\" height=\"46\" \/>\u00a0\u00a0\u00a0\u00a0\u00a0\u00a0\u00a0\u00a0\u00a0\u00a0\u00a0\u00a0<\/p>\t\t\t\t\t\t\t\t<\/div>\n\t\t\t\t<\/div>\n\t\t\t\t\t<\/div>\n\t\t<\/div>\n\t\t\t\t\t<\/div>\n\t\t<\/section>\n\t\t\t\t<section class=\"elementor-section elementor-top-section elementor-element elementor-element-96203fb animated-slow elementor-section-boxed elementor-section-height-default elementor-section-height-default elementor-invisible\" data-id=\"96203fb\" data-element_type=\"section\" data-settings=\"{&quot;animation&quot;:&quot;zoomIn&quot;}\">\n\t\t\t\t\t\t<div class=\"elementor-container elementor-column-gap-default\">\n\t\t\t\t\t<div class=\"elementor-column elementor-col-100 elementor-top-column elementor-element elementor-element-c98510c\" data-id=\"c98510c\" data-element_type=\"column\">\n\t\t\t<div class=\"elementor-widget-wrap elementor-element-populated\">\n\t\t\t\t\t\t<div class=\"elementor-element elementor-element-bb19b84 elementor-widget-divider--view-line elementor-widget elementor-widget-divider\" data-id=\"bb19b84\" data-element_type=\"widget\" data-widget_type=\"divider.default\">\n\t\t\t\t<div class=\"elementor-widget-container\">\n\t\t\t\t\t\t\t<div class=\"elementor-divider\">\n\t\t\t<span class=\"elementor-divider-separator\">\n\t\t\t\t\t\t<\/span>\n\t\t<\/div>\n\t\t\t\t\t\t<\/div>\n\t\t\t\t<\/div>\n\t\t\t\t\t<\/div>\n\t\t<\/div>\n\t\t\t\t\t<\/div>\n\t\t<\/section>\n\t\t\t\t<section class=\"elementor-section elementor-top-section elementor-element elementor-element-6c0de14 animated-slow elementor-section-boxed elementor-section-height-default elementor-section-height-default elementor-invisible\" data-id=\"6c0de14\" data-element_type=\"section\" data-settings=\"{&quot;animation&quot;:&quot;fadeIn&quot;}\">\n\t\t\t\t\t\t<div class=\"elementor-container elementor-column-gap-default\">\n\t\t\t\t\t<div class=\"elementor-column elementor-col-100 elementor-top-column elementor-element elementor-element-6e1a880\" data-id=\"6e1a880\" data-element_type=\"column\">\n\t\t\t<div class=\"elementor-widget-wrap elementor-element-populated\">\n\t\t\t\t\t\t<div class=\"elementor-element elementor-element-5b3e386 elementor-widget elementor-widget-text-editor\" data-id=\"5b3e386\" data-element_type=\"widget\" data-widget_type=\"text-editor.default\">\n\t\t\t\t<div class=\"elementor-widget-container\">\n\t\t\t\t\t\t\t\t\t<p><span style=\"font-size: 12pt;\"><strong><br \/><span style=\"font-family: comic sans ms, sans-serif; color: #000000; font-size: 12pt;\">Berufsausbildung und berufliche Qualifikation<\/span><\/strong><\/span><\/p><p><span style=\"font-size: 12pt; font-family: comic sans ms, sans-serif; color: #000000;\">Studium an der Evangelischen Fachhochschule f\u00fcr Sozialp\u00e4dagogik, Hamburg<\/span><\/p><p><span style=\"font-size: 12pt; font-family: comic sans ms, sans-serif; color: #000000;\">Abschl\u00fcsse\u00a0\u00a0\u00a0\u00a0\u00a0\u00a0\u00a0\u00a0\u00a0\u00a0\u00a0\u00a0\u00a0\u00a0\u00a0\u00a0\u00a0\u00a0\u00a0\u00a0\u00a0\u00a0\u00a0\u00a0\u00a0\u00a0\u00a0\u00a0\u00a0 <strong>Diplom Sozialp\u00e4dagogin<\/strong><\/span><\/p><p><span style=\"font-size: 12pt; font-family: comic sans ms, sans-serif; color: #000000;\"><strong>\u00a0<\/strong><\/span><span style=\"font-size: 12pt; font-family: comic sans ms, sans-serif; color: #000000;\"><strong> \u00a0\u00a0\u00a0\u00a0\u00a0\u00a0\u00a0\u00a0\u00a0\u00a0\u00a0\u00a0\u00a0\u00a0\u00a0\u00a0\u00a0\u00a0\u00a0\u00a0\u00a0\u00a0\u00a0\u00a0\u00a0\u00a0\u00a0\u00a0\u00a0\u00a0\u00a0\u00a0\u00a0\u00a0\u00a0\u00a0\u00a0\u00a0\u00a0\u00a0 Staatlich anerkannte<br \/>\u00a0\u00a0\u00a0\u00a0\u00a0\u00a0\u00a0\u00a0\u00a0\u00a0\u00a0\u00a0\u00a0\u00a0\u00a0\u00a0\u00a0\u00a0\u00a0\u00a0\u00a0\u00a0\u00a0\u00a0\u00a0\u00a0\u00a0\u00a0\u00a0\u00a0\u00a0\u00a0\u00a0\u00a0\u00a0\u00a0\u00a0\u00a0\u00a0\u00a0\u00a0\u00a0 Sozialarbeiterin<\/strong><\/span><\/p><p><span style=\"font-size: 12pt; font-family: comic sans ms, sans-serif; color: #000000;\"><strong>\u00a0 \u00a0\u00a0 \u00a0\u00a0\u00a0\u00a0\u00a0\u00a0\u00a0\u00a0\u00a0\u00a0\u00a0\u00a0\u00a0\u00a0\u00a0\u00a0\u00a0\u00a0\u00a0\u00a0\u00a0\u00a0\u00a0\u00a0\u00a0 \u00a0 \u00a0 \u00a0 \u00a0 \u00a0 \u00a0 Diakonin<\/strong><\/span><\/p><p><span style=\"font-size: 12pt; font-family: comic sans ms, sans-serif; color: #000000;\">Weiterbildung ,Systemisch arbeiten und beraten\u2019, HISW Hanburg<\/span><\/p><p><span style=\"font-size: 12pt; font-family: comic sans ms, sans-serif; color: #000000;\">Zertifizierung\u00a0\u00a0\u00a0\u00a0\u00a0\u00a0\u00a0\u00a0\u00a0\u00a0\u00a0\u00a0\u00a0\u00a0\u00a0\u00a0\u00a0\u00a0\u00a0\u00a0\u00a0\u00a0\u00a0\u00a0 <strong>Systemische Beraterin DGSF<\/strong><\/span><\/p><p><span style=\"font-size: 12pt; font-family: comic sans ms, sans-serif; color: #000000;\">Weiterbildung ,Integrative Lerntherapie\u2019, KREISEL Hamburg<\/span><\/p><p><span style=\"font-size: 12pt; font-family: comic sans ms, sans-serif; color: #000000;\">Zertifizierungen\u00a0\u00a0\u00a0\u00a0\u00a0\u00a0\u00a0\u00a0\u00a0\u00a0\u00a0\u00a0\u00a0\u00a0\u00a0\u00a0\u00a0\u00a0\u00a0\u00a0 <strong>Lerntherapeutin KREISEL<\/strong><\/span><\/p><p><span style=\"font-size: 12pt; font-family: comic sans ms, sans-serif; color: #000000;\">\u00a0\u00a0\u00a0\u00a0\u00a0\u00a0\u00a0\u00a0\u00a0\u00a0\u00a0\u00a0\u00a0\u00a0\u00a0\u00a0\u00a0\u00a0\u00a0\u00a0\u00a0\u00a0\u00a0\u00a0\u00a0\u00a0\u00a0\u00a0\u00a0\u00a0\u00a0\u00a0\u00a0\u00a0\u00a0\u00a0\u00a0\u00a0\u00a0\u00a0\u00a0\u00a0\u00a0\u00a0\u00a0\u00a0 <strong>Dyslexietherapeutin nach BVL<\/strong><\/span><\/p><p><span style=\"font-size: 12pt; font-family: comic sans ms, sans-serif; color: #000000;\">Weiterbildung ,Dyskalkulie\u2019, KREISEL Hamburg<\/span><\/p><p><span style=\"font-size: 12pt; font-family: comic sans ms, sans-serif; color: #000000;\">Zertifizierungen\u00a0 \u00a0 \u00a0 \u00a0 \u00a0 \u00a0 \u00a0 \u00a0 \u00a0 \u00a0\u00a0 <strong>Dyskalkulietherapeutin KREISEL<\/strong><\/span><\/p><p><span style=\"font-size: 12pt; font-family: comic sans ms, sans-serif; color: #000000;\">\u00a0\u00a0\u00a0\u00a0\u00a0\u00a0\u00a0\u00a0\u00a0\u00a0\u00a0\u00a0\u00a0\u00a0\u00a0\u00a0\u00a0\u00a0\u00a0\u00a0\u00a0\u00a0\u00a0\u00a0\u00a0\u00a0\u00a0\u00a0\u00a0\u00a0\u00a0\u00a0\u00a0\u00a0\u00a0\u00a0\u00a0\u00a0\u00a0\u00a0\u00a0\u00a0\u00a0\u00a0\u00a0\u00a0 <strong>Dyskalkulietherapeutin nach BVL<\/strong><\/span><\/p>\t\t\t\t\t\t\t\t<\/div>\n\t\t\t\t<\/div>\n\t\t\t\t\t<\/div>\n\t\t<\/div>\n\t\t\t\t\t<\/div>\n\t\t<\/section>\n\t\t\t\t<section class=\"elementor-section elementor-top-section elementor-element elementor-element-802acc5 elementor-section-boxed elementor-section-height-default elementor-section-height-default\" data-id=\"802acc5\" data-element_type=\"section\">\n\t\t\t\t\t\t<div class=\"elementor-container elementor-column-gap-default\">\n\t\t\t\t\t<div class=\"elementor-column elementor-col-100 elementor-top-column elementor-element elementor-element-15aa307\" data-id=\"15aa307\" data-element_type=\"column\">\n\t\t\t<div class=\"elementor-widget-wrap elementor-element-populated\">\n\t\t\t\t\t\t<div class=\"elementor-element elementor-element-4816ecf animated-slow elementor-invisible elementor-widget elementor-widget-text-editor\" data-id=\"4816ecf\" data-element_type=\"widget\" data-settings=\"{&quot;_animation&quot;:&quot;fadeInDown&quot;,&quot;_animation_delay&quot;:1000}\" data-widget_type=\"text-editor.default\">\n\t\t\t\t<div class=\"elementor-widget-container\">\n\t\t\t\t\t\t\t\t\t<p style=\"text-align: right;\">\u00a0\u00a0\u00a0\u00a0\u00a0\u00a0\u00a0\u00a0\u00a0\u00a0\u00a0\u00a0\u00a0\u00a0\u00a0\u00a0\u00a0\u00a0\u00a0\u00a0\u00a0\u00a0\u00a0\u00a0\u00a0\u00a0\u00a0\u00a0\u00a0\u00a0\u00a0\u00a0\u00a0\u00a0\u00a0\u00a0\u00a0\u00a0\u00a0\u00a0\u00a0\u00a0\u00a0\u00a0\u00a0\u00a0\u00a0\u00a0\u00a0\u00a0\u00a0\u00a0\u00a0\u00a0\u00a0\u00a0\u00a0\u00a0\u00a0\u00a0\u00a0\u00a0\u00a0\u00a0\u00a0\u00a0\u00a0\u00a0\u00a0\u00a0\u00a0\u00a0\u00a0\u00a0\u00a0\u00a0\u00a0\u00a0\u00a0\u00a0\u00a0\u00a0\u00a0\u00a0\u00a0\u00a0\u00a0\u00a0\u00a0\u00a0\u00a0\u00a0\u00a0\u00a0\u00a0\u00a0\u00a0\u00a0\u00a0\u00a0\u00a0\u00a0\u00a0\u00a0\u00a0\u00a0\u00a0\u00a0\u00a0\u00a0\u00a0\u00a0\u00a0\u00a0\u00a0\u00a0\u00a0\u00a0\u00a0\u00a0\u00a0\u00a0\u00a0\u00a0\u00a0\u00a0\u00a0\u00a0\u00a0\u00a0\u00a0\u00a0\u00a0\u00a0\u00a0\u00a0\u00a0\u00a0\u00a0\u00a0\u00a0\u00a0\u00a0\u00a0\u00a0\u00a0 \u00a0 \u00a0 \u00a0 \u00a0 \u00a0 \u00a0 \u00a0 \u00a0 \u00a0 \u00a0 \u00a0 \u00a0 \u00a0 \u00a0 \u00a0 \u00a0 \u00a0 \u00a0 \u00a0 \u00a0 \u00a0 \u00a0 \u00a0 \u00a0 \u00a0 \u00a0 \u00a0 \u00a0 \u00a0 \u00a0 \u00a0 \u00a0 \u00a0 \u00a0 \u00a0\u00a0\u00a0\u00a0 \u00a0 \u00a0 \u00a0 \u00a0 \u00a0 \u00a0 \u00a0 \u00a0 \u00a0 \u00a0 \u00a0 \u00a0 \u00a0 \u00a0 \u00a0 \u00a0 \u00a0 \u00a0 \u00a0 \u00a0 \u00a0 \u00a0 \u00a0 \u00a0 \u00a0 \u00a0 \u00a0 \u00a0 \u00a0 \u00a0 \u00a0 \u00a0 \u00a0 \u00a0 \u00a0 \u00a0 \u00a0 \u00a0 \u00a0\u00a0 <img decoding=\"async\" class=\"alignnone wp-image-207\" src=\"https:\/\/Wir-und-lernen.de\/wp-content\/uploads\/2019\/03\/Marienk\u00e4fer-t\u00fcrkis-150x150.png\" alt=\"\" width=\"41\" height=\"41\" \/><\/p>\t\t\t\t\t\t\t\t<\/div>\n\t\t\t\t<\/div>\n\t\t\t\t\t<\/div>\n\t\t<\/div>\n\t\t\t\t\t<\/div>\n\t\t<\/section>\n\t\t\t\t<section class=\"elementor-section elementor-top-section elementor-element elementor-element-1256ab8 animated-slow elementor-section-boxed elementor-section-height-default elementor-section-height-default elementor-invisible\" data-id=\"1256ab8\" data-element_type=\"section\" data-settings=\"{&quot;animation&quot;:&quot;zoomIn&quot;}\">\n\t\t\t\t\t\t<div class=\"elementor-container elementor-column-gap-default\">\n\t\t\t\t\t<div class=\"elementor-column elementor-col-100 elementor-top-column elementor-element elementor-element-aa77aba\" data-id=\"aa77aba\" data-element_type=\"column\">\n\t\t\t<div class=\"elementor-widget-wrap elementor-element-populated\">\n\t\t\t\t\t\t<div class=\"elementor-element elementor-element-5576be9 elementor-widget-divider--view-line elementor-widget elementor-widget-divider\" data-id=\"5576be9\" data-element_type=\"widget\" data-widget_type=\"divider.default\">\n\t\t\t\t<div class=\"elementor-widget-container\">\n\t\t\t\t\t\t\t<div class=\"elementor-divider\">\n\t\t\t<span class=\"elementor-divider-separator\">\n\t\t\t\t\t\t<\/span>\n\t\t<\/div>\n\t\t\t\t\t\t<\/div>\n\t\t\t\t<\/div>\n\t\t\t\t\t<\/div>\n\t\t<\/div>\n\t\t\t\t\t<\/div>\n\t\t<\/section>\n\t\t\t\t<section class=\"elementor-section elementor-top-section elementor-element elementor-element-09d4dd9 animated-slow elementor-section-boxed elementor-section-height-default elementor-section-height-default elementor-invisible\" data-id=\"09d4dd9\" data-element_type=\"section\" data-settings=\"{&quot;animation&quot;:&quot;fadeIn&quot;}\">\n\t\t\t\t\t\t<div class=\"elementor-container elementor-column-gap-default\">\n\t\t\t\t\t<div class=\"elementor-column elementor-col-100 elementor-top-column elementor-element elementor-element-7681836\" data-id=\"7681836\" data-element_type=\"column\">\n\t\t\t<div class=\"elementor-widget-wrap elementor-element-populated\">\n\t\t\t\t\t\t<div class=\"elementor-element elementor-element-bddbfc3 elementor-widget elementor-widget-text-editor\" data-id=\"bddbfc3\" data-element_type=\"widget\" data-widget_type=\"text-editor.default\">\n\t\t\t\t<div class=\"elementor-widget-container\">\n\t\t\t\t\t\t\t\t\t<p><span style=\"font-size: 12pt; font-family: comic sans ms, sans-serif; color: #000000;\">Mitglied in:<\/span><\/p><p><span style=\"font-size: 12pt; font-family: comic sans ms, sans-serif; color: #000000;\"><strong>Deutsche Gesellschaft f\u00fcr systemische Therapie und Familientherapie (DGSF)\u00a0<\/strong><\/span><\/p><p><span style=\"font-size: 12pt; font-family: comic sans ms, sans-serif; color: #000000;\"><em> <a style=\"color: #000000;\" href=\"http:\/\/www.dgsf.org\" target=\"_blank\" rel=\"noopener\"><span style=\"color: #506999;\">www.dgsf.org<\/span><\/a><\/em><\/span><\/p><p><span style=\"font-size: 12pt; font-family: comic sans ms, sans-serif; color: #000000;\"><strong>KREISEL-Netzwerk, Institut f\u00fcr Weiterbildung und Familienentwicklung<\/strong><\/span><\/p><p><span style=\"font-size: 10pt; font-family: comic sans ms, sans-serif; color: #000000;\"><em> <a style=\"color: #000000;\" href=\"http:\/\/www.KreiselHH.de\" target=\"_blank\" rel=\"noopener\"><span style=\"color: #506999;\"><span style=\"font-size: 12pt;\">www.KreiselHH.de<\/span><\/span><\/a><\/em><\/span><\/p><p><span style=\"font-size: 10pt; font-family: comic sans ms, sans-serif; color: #000000;\"><strong>Fachverband f\u00fcr integrative Lerntherapie (FiL)<\/strong><\/span><\/p><p><span style=\"font-size: 10pt; font-family: comic sans ms, sans-serif; color: #000000;\"><em> <a style=\"color: #000000;\" href=\"http:\/\/www.lerntherapie-fil.de\" target=\"_blank\" rel=\"noopener\"><span style=\"color: #506999;\">www.lerntherapie-fil.de<\/span><\/a><\/em><\/span><\/p><p><span style=\"font-size: 10pt; font-family: comic sans ms, sans-serif; color: #000000;\"><strong>LegaKids<\/strong><\/span><\/p><p><em> <a href=\"http:\/\/www.legakids.net\" target=\"_blank\" rel=\"noopener\"><span style=\"font-size: 10pt; font-family: comic sans ms, sans-serif; color: #000000;\"><span style=\"color: #506999;\">www.legakids.net<\/span><\/span><\/a><\/em><\/p>\t\t\t\t\t\t\t\t<\/div>\n\t\t\t\t<\/div>\n\t\t\t\t\t<\/div>\n\t\t<\/div>\n\t\t\t\t\t<\/div>\n\t\t<\/section>\n\t\t\t\t<\/div>\n\t\t","protected":false},"excerpt":{"rendered":"<p>\u00a0Ellen Born\u00a0 Jahrgang 1963, verheiratet langj\u00e4hrige T\u00e4tigkeit in der sozialp\u00e4dagogischen Arbeit mit Kindern, Jugendlichen Erwachsenen und Familien. langj\u00e4hrige Berufserfahrung in systemischer Beratung und in entwicklungs- und lerntherapeutischer F\u00f6rderung. Seit 2005 t\u00e4tig in eigener Praxis. \u00a0\u00a0\u00a0\u00a0\u00a0\u00a0\u00a0\u00a0\u00a0\u00a0\u00a0\u00a0 Berufsausbildung und berufliche Qualifikation Studium an der Evangelischen Fachhochschule f\u00fcr Sozialp\u00e4dagogik, Hamburg Abschl\u00fcsse\u00a0\u00a0\u00a0\u00a0\u00a0\u00a0\u00a0\u00a0\u00a0\u00a0\u00a0\u00a0\u00a0\u00a0\u00a0\u00a0\u00a0\u00a0\u00a0\u00a0\u00a0\u00a0\u00a0\u00a0\u00a0\u00a0\u00a0\u00a0\u00a0 Diplom Sozialp\u00e4dagogin \u00a0 \u00a0\u00a0\u00a0\u00a0\u00a0\u00a0\u00a0\u00a0\u00a0\u00a0\u00a0\u00a0\u00a0\u00a0\u00a0\u00a0\u00a0\u00a0\u00a0\u00a0\u00a0\u00a0\u00a0\u00a0\u00a0\u00a0\u00a0\u00a0\u00a0\u00a0\u00a0\u00a0\u00a0\u00a0\u00a0\u00a0\u00a0\u00a0\u00a0\u00a0 Staatlich anerkannte\u00a0\u00a0\u00a0\u00a0\u00a0\u00a0\u00a0\u00a0\u00a0\u00a0\u00a0\u00a0\u00a0\u00a0\u00a0\u00a0\u00a0\u00a0\u00a0\u00a0\u00a0\u00a0\u00a0\u00a0\u00a0\u00a0\u00a0\u00a0\u00a0\u00a0\u00a0\u00a0\u00a0\u00a0\u00a0\u00a0\u00a0\u00a0\u00a0\u00a0\u00a0\u00a0 Sozialarbeiterin [&hellip;]<\/p>\n","protected":false},"author":1,"featured_media":0,"parent":0,"menu_order":0,"comment_status":"closed","ping_status":"closed","template":"","meta":{"footnotes":""},"class_list":["post-41","page","type-page","status-publish","hentry"],"_links":{"self":[{"href":"https:\/\/Wir-und-Lernen.de\/index.php?rest_route=\/wp\/v2\/pages\/41","targetHints":{"allow":["GET"]}}],"collection":[{"href":"https:\/\/Wir-und-Lernen.de\/index.php?rest_route=\/wp\/v2\/pages"}],"about":[{"href":"https:\/\/Wir-und-Lernen.de\/index.php?rest_route=\/wp\/v2\/types\/page"}],"author":[{"embeddable":true,"href":"https:\/\/Wir-und-Lernen.de\/index.php?rest_route=\/wp\/v2\/users\/1"}],"replies":[{"embeddable":true,"href":"https:\/\/Wir-und-Lernen.de\/index.php?rest_route=%2Fwp%2Fv2%2Fcomments&post=41"}],"version-history":[{"count":48,"href":"https:\/\/Wir-und-Lernen.de\/index.php?rest_route=\/wp\/v2\/pages\/41\/revisions"}],"predecessor-version":[{"id":730,"href":"https:\/\/Wir-und-Lernen.de\/index.php?rest_route=\/wp\/v2\/pages\/41\/revisions\/730"}],"wp:attachment":[{"href":"https:\/\/Wir-und-Lernen.de\/index.php?rest_route=%2Fwp%2Fv2%2Fmedia&parent=41"}],"curies":[{"name":"wp","href":"https:\/\/api.w.org\/{rel}","templated":true}]}}