{"id":38,"date":"2019-03-14T20:07:23","date_gmt":"2019-03-14T20:07:23","guid":{"rendered":"http:\/\/lernenundberatung.de\/?page_id=38"},"modified":"2024-01-31T19:27:03","modified_gmt":"2024-01-31T19:27:03","slug":"die-praxis","status":"publish","type":"page","link":"https:\/\/Wir-und-Lernen.de\/?page_id=38","title":{"rendered":"Die Praxis"},"content":{"rendered":"\t\t<div data-elementor-type=\"wp-post\" data-elementor-id=\"38\" class=\"elementor elementor-38\" data-elementor-post-type=\"page\">\n\t\t\t\t\t\t<section class=\"elementor-section elementor-top-section elementor-element elementor-element-120bf02 elementor-section-boxed elementor-section-height-default elementor-section-height-default elementor-invisible\" data-id=\"120bf02\" data-element_type=\"section\" data-settings=\"{&quot;animation&quot;:&quot;fadeIn&quot;}\">\n\t\t\t\t\t\t<div class=\"elementor-container elementor-column-gap-default\">\n\t\t\t\t\t<div class=\"elementor-column elementor-col-100 elementor-top-column elementor-element elementor-element-6b146a7\" data-id=\"6b146a7\" data-element_type=\"column\">\n\t\t\t<div class=\"elementor-widget-wrap\">\n\t\t\t\t\t\t\t<\/div>\n\t\t<\/div>\n\t\t\t\t\t<\/div>\n\t\t<\/section>\n\t\t\t\t<section class=\"elementor-section elementor-top-section elementor-element elementor-element-531dfdc animated-slow elementor-section-boxed elementor-section-height-default elementor-section-height-default elementor-invisible\" data-id=\"531dfdc\" data-element_type=\"section\" data-settings=\"{&quot;animation&quot;:&quot;fadeIn&quot;}\">\n\t\t\t\t\t\t<div class=\"elementor-container elementor-column-gap-default\">\n\t\t\t\t\t<div class=\"elementor-column elementor-col-100 elementor-top-column elementor-element elementor-element-2044e1f\" data-id=\"2044e1f\" data-element_type=\"column\">\n\t\t\t<div class=\"elementor-widget-wrap elementor-element-populated\">\n\t\t\t\t\t\t<div class=\"elementor-element elementor-element-aaa961f elementor-widget elementor-widget-text-editor\" data-id=\"aaa961f\" data-element_type=\"widget\" data-widget_type=\"text-editor.default\">\n\t\t\t\t<div class=\"elementor-widget-container\">\n\t\t\t\t\t\t\t\t\t<p><span style=\"color: #000000; font-family: comic sans ms, sans-serif; font-size: 12pt;\">F\u00fcr die Arbeit im Bereich der integrativen Entwicklungs- und Lerntherapie einerseits sowie im Bereich der systemischen Beratung und Therapie andererseits sind <strong>unterschiedlich gestaltete R\u00e4ume <\/strong>sowie <strong>sehr vielf\u00e4ltige Therapie-, Arbeits- und Spielmaterialien<\/strong> vorhanden, die unterschiedlich genutzt bzw. eingesetzt werden k\u00f6nnen und eine individuelle Behandlung und F\u00f6rderung erm\u00f6glichen.<\/span><\/p>\t\t\t\t\t\t\t\t<\/div>\n\t\t\t\t<\/div>\n\t\t\t\t\t<\/div>\n\t\t<\/div>\n\t\t\t\t\t<\/div>\n\t\t<\/section>\n\t\t\t\t<section class=\"elementor-section elementor-top-section elementor-element elementor-element-f34c821 elementor-section-boxed elementor-section-height-default elementor-section-height-default\" data-id=\"f34c821\" data-element_type=\"section\">\n\t\t\t\t\t\t<div class=\"elementor-container elementor-column-gap-default\">\n\t\t\t\t\t<div class=\"elementor-column elementor-col-100 elementor-top-column elementor-element elementor-element-b1eed87\" data-id=\"b1eed87\" data-element_type=\"column\">\n\t\t\t<div class=\"elementor-widget-wrap elementor-element-populated\">\n\t\t\t\t\t\t<div class=\"elementor-element elementor-element-e15ec8f elementor-widget-divider--view-line elementor-invisible elementor-widget elementor-widget-divider\" data-id=\"e15ec8f\" data-element_type=\"widget\" data-settings=\"{&quot;_animation&quot;:&quot;zoomIn&quot;}\" data-widget_type=\"divider.default\">\n\t\t\t\t<div class=\"elementor-widget-container\">\n\t\t\t\t\t\t\t<div class=\"elementor-divider\">\n\t\t\t<span class=\"elementor-divider-separator\">\n\t\t\t\t\t\t<\/span>\n\t\t<\/div>\n\t\t\t\t\t\t<\/div>\n\t\t\t\t<\/div>\n\t\t\t\t\t<\/div>\n\t\t<\/div>\n\t\t\t\t\t<\/div>\n\t\t<\/section>\n\t\t\t\t<section class=\"elementor-section elementor-top-section elementor-element elementor-element-d566807 elementor-hidden-mobile elementor-hidden-desktop elementor-section-full_width elementor-section-height-default elementor-section-height-default elementor-invisible\" data-id=\"d566807\" data-element_type=\"section\" data-settings=\"{&quot;animation&quot;:&quot;zoomIn&quot;}\">\n\t\t\t\t\t\t<div class=\"elementor-container elementor-column-gap-default\">\n\t\t\t\t\t<div class=\"elementor-column elementor-col-100 elementor-top-column elementor-element elementor-element-18ef525 elementor-hidden-desktop elementor-hidden-mobile\" data-id=\"18ef525\" data-element_type=\"column\">\n\t\t\t<div class=\"elementor-widget-wrap elementor-element-populated\">\n\t\t\t\t\t\t<div class=\"elementor-element elementor-element-f866831 elementor-widget-mobile__width-initial elementor-hidden-desktop elementor-hidden-mobile elementor-widget-tablet__width-initial elementor-widget elementor-widget-text-editor\" data-id=\"f866831\" data-element_type=\"widget\" data-widget_type=\"text-editor.default\">\n\t\t\t\t<div class=\"elementor-widget-container\">\n\t\t\t\t\t\t\t\t\t<h5><span style=\"font-family: comic sans ms, sans-serif; color: #446e96;\">\u00a0\u00a0\u00a0\u00a0\u00a0 Therapieraum 1\u00a0\u00a0\u00a0\u00a0\u00a0\u00a0\u00a0\u00a0\u00a0\u00a0\u00a0\u00a0\u00a0\u00a0\u00a0\u00a0\u00a0\u00a0\u00a0\u00a0\u00a0\u00a0\u00a0\u00a0\u00a0 Therapieraum 2<\/span><\/h5>\t\t\t\t\t\t\t\t<\/div>\n\t\t\t\t<\/div>\n\t\t\t\t\t<\/div>\n\t\t<\/div>\n\t\t\t\t\t<\/div>\n\t\t<\/section>\n\t\t\t\t<section class=\"elementor-section elementor-top-section elementor-element elementor-element-7063826 elementor-section-boxed elementor-section-height-default elementor-section-height-default elementor-invisible\" data-id=\"7063826\" data-element_type=\"section\" data-settings=\"{&quot;animation&quot;:&quot;zoomIn&quot;}\">\n\t\t\t\t\t\t<div class=\"elementor-container elementor-column-gap-default\">\n\t\t\t\t\t<div class=\"elementor-column elementor-col-100 elementor-top-column elementor-element elementor-element-4114bcc elementor-hidden-tablet elementor-hidden-desktop\" data-id=\"4114bcc\" data-element_type=\"column\">\n\t\t\t<div class=\"elementor-widget-wrap elementor-element-populated\">\n\t\t\t\t\t\t<div class=\"elementor-element elementor-element-9bbb2fb elementor-widget-mobile__width-initial elementor-hidden-desktop elementor-hidden-tablet elementor-widget elementor-widget-text-editor\" data-id=\"9bbb2fb\" data-element_type=\"widget\" data-widget_type=\"text-editor.default\">\n\t\t\t\t<div class=\"elementor-widget-container\">\n\t\t\t\t\t\t\t\t\t<ul><li><span style=\"font-family: comic sans ms, sans-serif; font-size: 14pt; color: #416a94;\">\u00a0\u00a0\u00a0\u00a0\u00a0 Therapieraum 1 \u00a0 \u00a0<\/span><\/li><li><span style=\"font-family: comic sans ms, sans-serif; font-size: 14pt; color: #416a94;\"> \u00a0 \u00a0 \u00a0 <\/span><span style=\"font-family: comic sans ms, sans-serif; font-size: 14pt; color: #416a94;\">Therapieraum 2<\/span><\/li><\/ul>\t\t\t\t\t\t\t\t<\/div>\n\t\t\t\t<\/div>\n\t\t\t\t\t<\/div>\n\t\t<\/div>\n\t\t\t\t\t<\/div>\n\t\t<\/section>\n\t\t\t\t<section class=\"elementor-section elementor-top-section elementor-element elementor-element-d7e5b2f elementor-section-boxed elementor-section-height-default elementor-section-height-default elementor-invisible\" data-id=\"d7e5b2f\" data-element_type=\"section\" data-settings=\"{&quot;animation&quot;:&quot;zoomIn&quot;}\">\n\t\t\t\t\t\t<div class=\"elementor-container elementor-column-gap-default\">\n\t\t\t\t\t<div class=\"elementor-column elementor-col-100 elementor-top-column elementor-element elementor-element-6f67469 elementor-hidden-tablet\" data-id=\"6f67469\" data-element_type=\"column\">\n\t\t\t<div class=\"elementor-widget-wrap elementor-element-populated\">\n\t\t\t\t\t\t<div class=\"elementor-element elementor-element-18f900c elementor-widget-mobile__width-initial elementor-hidden-mobile elementor-hidden-tablet elementor-widget elementor-widget-text-editor\" data-id=\"18f900c\" data-element_type=\"widget\" data-widget_type=\"text-editor.default\">\n\t\t\t\t<div class=\"elementor-widget-container\">\n\t\t\t\t\t\t\t\t\t<h5><span style=\"font-family: comic sans ms, sans-serif; color: #47739e;\">\u00a0Therapieraum 1\u00a0\u00a0\u00a0\u00a0\u00a0\u00a0\u00a0\u00a0\u00a0\u00a0\u00a0\u00a0\u00a0\u00a0\u00a0\u00a0\u00a0\u00a0\u00a0\u00a0\u00a0\u00a0\u00a0\u00a0\u00a0\u00a0\u00a0\u00a0\u00a0\u00a0\u00a0\u00a0\u00a0\u00a0\u00a0\u00a0 \u00a0 \u00a0\u00a0\u00a0\u00a0\u00a0\u00a0 Therapieraum 2<\/span><\/h5>\t\t\t\t\t\t\t\t<\/div>\n\t\t\t\t<\/div>\n\t\t\t\t\t<\/div>\n\t\t<\/div>\n\t\t\t\t\t<\/div>\n\t\t<\/section>\n\t\t\t\t<section class=\"elementor-section elementor-top-section elementor-element elementor-element-56ecae5 elementor-section-boxed elementor-section-height-default elementor-section-height-default\" data-id=\"56ecae5\" data-element_type=\"section\">\n\t\t\t\t\t\t<div class=\"elementor-container elementor-column-gap-default\">\n\t\t\t\t\t<div class=\"elementor-column elementor-col-50 elementor-top-column elementor-element elementor-element-54e2f97\" data-id=\"54e2f97\" data-element_type=\"column\">\n\t\t\t<div class=\"elementor-widget-wrap elementor-element-populated\">\n\t\t\t\t\t\t<div class=\"elementor-element elementor-element-5e85142 animated-slow elementor-invisible elementor-widget elementor-widget-image-carousel\" data-id=\"5e85142\" data-element_type=\"widget\" data-settings=\"{&quot;slides_to_show&quot;:&quot;1&quot;,&quot;navigation&quot;:&quot;none&quot;,&quot;effect&quot;:&quot;fade&quot;,&quot;speed&quot;:2500,&quot;_animation&quot;:&quot;fadeIn&quot;,&quot;autoplay&quot;:&quot;yes&quot;,&quot;pause_on_hover&quot;:&quot;yes&quot;,&quot;pause_on_interaction&quot;:&quot;yes&quot;,&quot;autoplay_speed&quot;:5000,&quot;infinite&quot;:&quot;yes&quot;}\" data-widget_type=\"image-carousel.default\">\n\t\t\t\t<div class=\"elementor-widget-container\">\n\t\t\t\t\t\t\t<div class=\"elementor-image-carousel-wrapper swiper\" role=\"region\" aria-roledescription=\"carousel\" aria-label=\"Bild Karussell\" dir=\"ltr\">\n\t\t\t<div class=\"elementor-image-carousel swiper-wrapper\" aria-live=\"off\">\n\t\t\t\t\t\t\t\t<div class=\"swiper-slide\" role=\"group\" aria-roledescription=\"slide\" aria-label=\"1 von 2\"><figure class=\"swiper-slide-inner\"><img decoding=\"async\" class=\"swiper-slide-image\" src=\"https:\/\/Wir-und-lernen.de\/wp-content\/uploads\/elementor\/thumbs\/Praxisraum-13JPG-o505b6d44ujncr1jsop6brbew0dlccvrbtf3vz85oc.png\" alt=\"Praxisraum-13JPG\" \/><\/figure><\/div><div class=\"swiper-slide\" role=\"group\" aria-roledescription=\"slide\" aria-label=\"2 von 2\"><figure class=\"swiper-slide-inner\"><img decoding=\"async\" class=\"swiper-slide-image\" src=\"https:\/\/Wir-und-lernen.de\/wp-content\/uploads\/elementor\/thumbs\/Praxisraum-1.2-o505ifo8wshd0chzetngkxdk14lms7p4zqs3awgpmk.png\" alt=\"Praxisraum-1.2\" \/><\/figure><\/div>\t\t\t<\/div>\n\t\t\t\t\t\t\t\n\t\t\t\t\t\t\t\t\t<\/div>\n\t\t\t\t\t\t<\/div>\n\t\t\t\t<\/div>\n\t\t\t\t\t<\/div>\n\t\t<\/div>\n\t\t\t\t<div class=\"elementor-column elementor-col-50 elementor-top-column elementor-element elementor-element-eaf5a29\" data-id=\"eaf5a29\" data-element_type=\"column\">\n\t\t\t<div class=\"elementor-widget-wrap elementor-element-populated\">\n\t\t\t\t\t\t<div class=\"elementor-element elementor-element-05b6d21 animated-slow elementor-invisible elementor-widget elementor-widget-text-editor\" data-id=\"05b6d21\" data-element_type=\"widget\" data-settings=\"{&quot;_animation&quot;:&quot;fadeIn&quot;}\" data-widget_type=\"text-editor.default\">\n\t\t\t\t<div class=\"elementor-widget-container\">\n\t\t\t\t\t\t\t\t\t<h5><img fetchpriority=\"high\" decoding=\"async\" class=\"alignnone wp-image-123\" src=\"http:\/\/Wir-und-lernen.de\/wp-content\/uploads\/2019\/03\/Praxisraum-2-300x225.png\" alt=\"\" width=\"350\" height=\"263\" srcset=\"https:\/\/Wir-und-lernen.de\/wp-content\/uploads\/2019\/03\/Praxisraum-2-300x225.png 300w, https:\/\/Wir-und-lernen.de\/wp-content\/uploads\/2019\/03\/Praxisraum-2.png 734w\" sizes=\"(max-width: 350px) 100vw, 350px\" \/><\/h5>\t\t\t\t\t\t\t\t<\/div>\n\t\t\t\t<\/div>\n\t\t\t\t\t<\/div>\n\t\t<\/div>\n\t\t\t\t\t<\/div>\n\t\t<\/section>\n\t\t\t\t<section class=\"elementor-section elementor-top-section elementor-element elementor-element-3740869 elementor-section-boxed elementor-section-height-default elementor-section-height-default\" data-id=\"3740869\" data-element_type=\"section\">\n\t\t\t\t\t\t<div class=\"elementor-container elementor-column-gap-default\">\n\t\t\t\t\t<div class=\"elementor-column elementor-col-50 elementor-top-column elementor-element elementor-element-00a9693\" data-id=\"00a9693\" data-element_type=\"column\">\n\t\t\t<div class=\"elementor-widget-wrap elementor-element-populated\">\n\t\t\t\t\t\t<div class=\"elementor-element elementor-element-bd6a38d elementor-widget elementor-widget-text-editor\" data-id=\"bd6a38d\" data-element_type=\"widget\" data-widget_type=\"text-editor.default\">\n\t\t\t\t<div class=\"elementor-widget-container\">\n\t\t\t\t\t\t\t\t\t<p><span style=\"font-size: 12pt;\"><span style=\"font-family: comic sans ms, sans-serif;\"><span style=\"color: #000000;\">Der<\/span> <span style=\"color: #3b71a3;\"><strong>Therapieraum 1<\/strong><\/span><\/span><span style=\"font-family: comic sans ms, sans-serif; color: #000000;\"> befindet sich in der ersten Etage. Neben einer Tafel, einem Whiteboard und einem PC gibt es dort einen festen (Schreib-)Tisch. Diverse Lern- und Spielmaterialien sind z.T. in Regalen offen zu sehen. Au\u00dferdem ist ein Kicker-, Billard-, Spiele-Tisch vorhanden. Daneben gibt es eine Ecke mit Sitzkissen.<\/span><\/span><\/p>\t\t\t\t\t\t\t\t<\/div>\n\t\t\t\t<\/div>\n\t\t\t\t\t<\/div>\n\t\t<\/div>\n\t\t\t\t<div class=\"elementor-column elementor-col-50 elementor-top-column elementor-element elementor-element-818405a\" data-id=\"818405a\" data-element_type=\"column\">\n\t\t\t<div class=\"elementor-widget-wrap elementor-element-populated\">\n\t\t\t\t\t\t<div class=\"elementor-element elementor-element-6cbfc0e elementor-widget elementor-widget-text-editor\" data-id=\"6cbfc0e\" data-element_type=\"widget\" data-widget_type=\"text-editor.default\">\n\t\t\t\t<div class=\"elementor-widget-container\">\n\t\t\t\t\t\t\t\t\t<p><span style=\"font-size: 12pt;\"><span style=\"font-family: comic sans ms, sans-serif; color: #000000;\">Der <span style=\"color: #3b71a3;\"><strong>Therapieraum 2<\/strong><\/span> befindet sich im Dachgeschoss. <br \/><\/span><span style=\"font-family: comic sans ms, sans-serif; color: #000000;\">In ihm gibt es neben einer Tafel integrierte Einbauschr\u00e4nke, Wand-Klapptische, St\u00fchle und Sitzkissen, so dass er einfach leer zu r\u00e4umen und umzugestalten ist &#8211; daneben viel freien Raum und wenig Ablenkung bieten kann<\/span>.<\/span><\/p>\t\t\t\t\t\t\t\t<\/div>\n\t\t\t\t<\/div>\n\t\t\t\t\t<\/div>\n\t\t<\/div>\n\t\t\t\t\t<\/div>\n\t\t<\/section>\n\t\t\t\t<section class=\"elementor-section elementor-top-section elementor-element elementor-element-8c2cb4a elementor-section-boxed elementor-section-height-default elementor-section-height-default elementor-invisible\" data-id=\"8c2cb4a\" data-element_type=\"section\" data-settings=\"{&quot;animation&quot;:&quot;zoomIn&quot;}\">\n\t\t\t\t\t\t<div class=\"elementor-container elementor-column-gap-default\">\n\t\t\t\t\t<div class=\"elementor-column elementor-col-100 elementor-top-column elementor-element elementor-element-f9ffdfd\" data-id=\"f9ffdfd\" data-element_type=\"column\">\n\t\t\t<div class=\"elementor-widget-wrap elementor-element-populated\">\n\t\t\t\t\t\t<div class=\"elementor-element elementor-element-3cb37f9 elementor-hidden-desktop elementor-hidden-tablet elementor-widget elementor-widget-text-editor\" data-id=\"3cb37f9\" data-element_type=\"widget\" data-widget_type=\"text-editor.default\">\n\t\t\t\t<div class=\"elementor-widget-container\">\n\t\t\t\t\t\t\t\t\t<ul><li><span style=\"font-family: comic sans ms, sans-serif; color: #47739e; font-size: 14pt;\">Beratungsraum <br \/><\/span><\/li><li><span style=\"font-size: 14pt;\"><span style=\"font-family: comic sans ms, sans-serif; color: #47739e;\">Warteraum<\/span><\/span><\/li><\/ul>\t\t\t\t\t\t\t\t<\/div>\n\t\t\t\t<\/div>\n\t\t\t\t\t<\/div>\n\t\t<\/div>\n\t\t\t\t\t<\/div>\n\t\t<\/section>\n\t\t\t\t<section class=\"elementor-section elementor-top-section elementor-element elementor-element-f95fd19 elementor-hidden-desktop elementor-hidden-mobile elementor-section-boxed elementor-section-height-default elementor-section-height-default elementor-invisible\" data-id=\"f95fd19\" data-element_type=\"section\" data-settings=\"{&quot;animation&quot;:&quot;zoomIn&quot;}\">\n\t\t\t\t\t\t<div class=\"elementor-container elementor-column-gap-default\">\n\t\t\t\t\t<div class=\"elementor-column elementor-col-100 elementor-top-column elementor-element elementor-element-9e74eb6\" data-id=\"9e74eb6\" data-element_type=\"column\">\n\t\t\t<div class=\"elementor-widget-wrap elementor-element-populated\">\n\t\t\t\t\t\t<div class=\"elementor-element elementor-element-7009ac3 elementor-hidden-mobile elementor-hidden-desktop elementor-widget elementor-widget-text-editor\" data-id=\"7009ac3\" data-element_type=\"widget\" data-widget_type=\"text-editor.default\">\n\t\t\t\t<div class=\"elementor-widget-container\">\n\t\t\t\t\t\t\t\t\t<h5><span style=\"font-family: comic sans ms, sans-serif; color: #47739e;\">\u00a0 Beratungsraum\u00a0\u00a0\u00a0\u00a0\u00a0\u00a0\u00a0\u00a0\u00a0\u00a0\u00a0\u00a0\u00a0\u00a0\u00a0\u00a0\u00a0\u00a0\u00a0\u00a0\u00a0\u00a0\u00a0\u00a0\u00a0 Warteraum<\/span><\/h5>\t\t\t\t\t\t\t\t<\/div>\n\t\t\t\t<\/div>\n\t\t\t\t\t<\/div>\n\t\t<\/div>\n\t\t\t\t\t<\/div>\n\t\t<\/section>\n\t\t\t\t<section class=\"elementor-section elementor-top-section elementor-element elementor-element-1bda859 elementor-hidden-mobile elementor-hidden-tablet elementor-section-boxed elementor-section-height-default elementor-section-height-default elementor-invisible\" data-id=\"1bda859\" data-element_type=\"section\" data-settings=\"{&quot;animation&quot;:&quot;zoomIn&quot;}\">\n\t\t\t\t\t\t<div class=\"elementor-container elementor-column-gap-default\">\n\t\t\t\t\t<div class=\"elementor-column elementor-col-100 elementor-top-column elementor-element elementor-element-9902bcc elementor-hidden-tablet elementor-hidden-mobile\" data-id=\"9902bcc\" data-element_type=\"column\">\n\t\t\t<div class=\"elementor-widget-wrap elementor-element-populated\">\n\t\t\t\t\t\t<div class=\"elementor-element elementor-element-c82ac48 elementor-hidden-mobile elementor-hidden-tablet elementor-widget elementor-widget-text-editor\" data-id=\"c82ac48\" data-element_type=\"widget\" data-widget_type=\"text-editor.default\">\n\t\t\t\t<div class=\"elementor-widget-container\">\n\t\t\t\t\t\t\t\t\t<h5><span style=\"font-family: comic sans ms, sans-serif; color: #47739e;\">\u00a0\u00a0 Beratungsraum\u00a0\u00a0\u00a0\u00a0\u00a0\u00a0\u00a0\u00a0\u00a0\u00a0\u00a0\u00a0\u00a0\u00a0\u00a0\u00a0\u00a0\u00a0\u00a0\u00a0\u00a0\u00a0\u00a0\u00a0 \u00a0 \u00a0 \u00a0 \u00a0 \u00a0 \u00a0 \u00a0 \u00a0 \u00a0 \u00a0 \u00a0 Warteraum<\/span><\/h5>\t\t\t\t\t\t\t\t<\/div>\n\t\t\t\t<\/div>\n\t\t\t\t\t<\/div>\n\t\t<\/div>\n\t\t\t\t\t<\/div>\n\t\t<\/section>\n\t\t\t\t<section class=\"elementor-section elementor-top-section elementor-element elementor-element-aa0ed68 animated-slow elementor-section-boxed elementor-section-height-default elementor-section-height-default elementor-invisible\" data-id=\"aa0ed68\" data-element_type=\"section\" data-settings=\"{&quot;animation&quot;:&quot;fadeIn&quot;}\">\n\t\t\t\t\t\t<div class=\"elementor-container elementor-column-gap-default\">\n\t\t\t\t\t<div class=\"elementor-column elementor-col-50 elementor-top-column elementor-element elementor-element-2e0521f\" data-id=\"2e0521f\" data-element_type=\"column\">\n\t\t\t<div class=\"elementor-widget-wrap elementor-element-populated\">\n\t\t\t\t\t\t<div class=\"elementor-element elementor-element-a4889ae elementor-widget elementor-widget-text-editor\" data-id=\"a4889ae\" data-element_type=\"widget\" data-widget_type=\"text-editor.default\">\n\t\t\t\t<div class=\"elementor-widget-container\">\n\t\t\t\t\t\t\t\t\t<p>\u00a0 <img decoding=\"async\" class=\"alignnone  wp-image-136\" src=\"http:\/\/Wir-und-lernen.de\/wp-content\/uploads\/2019\/03\/Warteraum-1.1-300x225.png\" alt=\"\" width=\"353\" height=\"251\" \/><\/p>\t\t\t\t\t\t\t\t<\/div>\n\t\t\t\t<\/div>\n\t\t\t\t\t<\/div>\n\t\t<\/div>\n\t\t\t\t<div class=\"elementor-column elementor-col-50 elementor-top-column elementor-element elementor-element-dc22154\" data-id=\"dc22154\" data-element_type=\"column\">\n\t\t\t<div class=\"elementor-widget-wrap elementor-element-populated\">\n\t\t\t\t\t\t<div class=\"elementor-element elementor-element-f45ad7f elementor-widget elementor-widget-text-editor\" data-id=\"f45ad7f\" data-element_type=\"widget\" data-widget_type=\"text-editor.default\">\n\t\t\t\t<div class=\"elementor-widget-container\">\n\t\t\t\t\t\t\t\t\t<p><img decoding=\"async\" class=\"alignnone  wp-image-145\" src=\"http:\/\/Wir-und-lernen.de\/wp-content\/uploads\/2019\/03\/Warteraum1.3-300x225.png\" alt=\"\" width=\"352\" height=\"270\" \/><\/p>\t\t\t\t\t\t\t\t<\/div>\n\t\t\t\t<\/div>\n\t\t\t\t\t<\/div>\n\t\t<\/div>\n\t\t\t\t\t<\/div>\n\t\t<\/section>\n\t\t\t\t<section class=\"elementor-section elementor-top-section elementor-element elementor-element-8100638 animated-slow elementor-section-boxed elementor-section-height-default elementor-section-height-default elementor-invisible\" data-id=\"8100638\" data-element_type=\"section\" data-settings=\"{&quot;animation&quot;:&quot;fadeIn&quot;}\">\n\t\t\t\t\t\t<div class=\"elementor-container elementor-column-gap-default\">\n\t\t\t\t\t<div class=\"elementor-column elementor-col-50 elementor-top-column elementor-element elementor-element-4412c5c\" data-id=\"4412c5c\" data-element_type=\"column\">\n\t\t\t<div class=\"elementor-widget-wrap elementor-element-populated\">\n\t\t\t\t\t\t<div class=\"elementor-element elementor-element-c245b0b elementor-widget elementor-widget-text-editor\" data-id=\"c245b0b\" data-element_type=\"widget\" data-widget_type=\"text-editor.default\">\n\t\t\t\t<div class=\"elementor-widget-container\">\n\t\t\t\t\t\t\t\t\t<p><span style=\"font-size: 12pt;\"><span style=\"color: #000000; font-family: comic sans ms, sans-serif;\">Der <span style=\"color: #3b71a3;\"><strong>Beratungsraum<\/strong><\/span> befindet sich ebenfalls in der ersten Etage. Neben Regalen gibt es dort eine kleine Sesselsitzgruppe mit <br \/><\/span><span style=\"color: #000000; font-family: comic sans ms, sans-serif;\">Tisch und ein Sofa, eine Liege.<\/span><\/span><\/p>\t\t\t\t\t\t\t\t<\/div>\n\t\t\t\t<\/div>\n\t\t\t\t\t<\/div>\n\t\t<\/div>\n\t\t\t\t<div class=\"elementor-column elementor-col-50 elementor-top-column elementor-element elementor-element-282023e\" data-id=\"282023e\" data-element_type=\"column\">\n\t\t\t<div class=\"elementor-widget-wrap elementor-element-populated\">\n\t\t\t\t\t\t<div class=\"elementor-element elementor-element-4ea480f elementor-widget elementor-widget-text-editor\" data-id=\"4ea480f\" data-element_type=\"widget\" data-widget_type=\"text-editor.default\">\n\t\t\t\t<div class=\"elementor-widget-container\">\n\t\t\t\t\t\t\t\t\t<p><span style=\"color: #000000; font-family: comic sans ms, sans-serif; font-size: 12pt;\">Der <span style=\"color: #3b71a3;\"><strong>Warteraum<\/strong><\/span> befindet sich im Dachgeschoss. Es gibt dort neben bequemen Sitzm\u00f6beln unterschiedliche B\u00fccher, einige Zeitschriften und etwas Spielmaterial. Begleitpersonen haben dort oft die M\u00f6glichkeit, relativ ungest\u00f6rt etwas zu entspannen. Der Raum ist so gestaltet, dass er auch gut als kleiner Beratungs- oder Besprechungsraum zu nutzen ist.<\/span><\/p>\t\t\t\t\t\t\t\t<\/div>\n\t\t\t\t<\/div>\n\t\t\t\t\t<\/div>\n\t\t<\/div>\n\t\t\t\t\t<\/div>\n\t\t<\/section>\n\t\t\t\t<\/div>\n\t\t","protected":false},"excerpt":{"rendered":"<p>F\u00fcr die Arbeit im Bereich der integrativen Entwicklungs- und Lerntherapie einerseits sowie im Bereich der systemischen Beratung und Therapie andererseits sind unterschiedlich gestaltete R\u00e4ume sowie sehr vielf\u00e4ltige Therapie-, Arbeits- und Spielmaterialien vorhanden, die unterschiedlich genutzt bzw. eingesetzt werden k\u00f6nnen und eine individuelle Behandlung und F\u00f6rderung erm\u00f6glichen. \u00a0\u00a0\u00a0\u00a0\u00a0 Therapieraum 1\u00a0\u00a0\u00a0\u00a0\u00a0\u00a0\u00a0\u00a0\u00a0\u00a0\u00a0\u00a0\u00a0\u00a0\u00a0\u00a0\u00a0\u00a0\u00a0\u00a0\u00a0\u00a0\u00a0\u00a0\u00a0 Therapieraum 2 \u00a0\u00a0\u00a0\u00a0\u00a0 Therapieraum 1 \u00a0 [&hellip;]<\/p>\n","protected":false},"author":1,"featured_media":0,"parent":0,"menu_order":0,"comment_status":"closed","ping_status":"closed","template":"","meta":{"footnotes":""},"class_list":["post-38","page","type-page","status-publish","hentry"],"_links":{"self":[{"href":"https:\/\/Wir-und-Lernen.de\/index.php?rest_route=\/wp\/v2\/pages\/38","targetHints":{"allow":["GET"]}}],"collection":[{"href":"https:\/\/Wir-und-Lernen.de\/index.php?rest_route=\/wp\/v2\/pages"}],"about":[{"href":"https:\/\/Wir-und-Lernen.de\/index.php?rest_route=\/wp\/v2\/types\/page"}],"author":[{"embeddable":true,"href":"https:\/\/Wir-und-Lernen.de\/index.php?rest_route=\/wp\/v2\/users\/1"}],"replies":[{"embeddable":true,"href":"https:\/\/Wir-und-Lernen.de\/index.php?rest_route=%2Fwp%2Fv2%2Fcomments&post=38"}],"version-history":[{"count":243,"href":"https:\/\/Wir-und-Lernen.de\/index.php?rest_route=\/wp\/v2\/pages\/38\/revisions"}],"predecessor-version":[{"id":727,"href":"https:\/\/Wir-und-Lernen.de\/index.php?rest_route=\/wp\/v2\/pages\/38\/revisions\/727"}],"wp:attachment":[{"href":"https:\/\/Wir-und-Lernen.de\/index.php?rest_route=%2Fwp%2Fv2%2Fmedia&parent=38"}],"curies":[{"name":"wp","href":"https:\/\/api.w.org\/{rel}","templated":true}]}}