{"id":21,"date":"2019-03-14T19:59:01","date_gmt":"2019-03-14T19:59:01","guid":{"rendered":"http:\/\/lernenundberatung.de\/?page_id=21"},"modified":"2024-01-31T18:40:32","modified_gmt":"2024-01-31T18:40:32","slug":"leistungen","status":"publish","type":"page","link":"https:\/\/Wir-und-Lernen.de\/?page_id=21","title":{"rendered":"Leistungen"},"content":{"rendered":"\t\t<div data-elementor-type=\"wp-post\" data-elementor-id=\"21\" class=\"elementor elementor-21\" data-elementor-post-type=\"page\">\n\t\t\t\t\t\t<section class=\"elementor-section elementor-top-section elementor-element elementor-element-a881293 animated-slow elementor-section-boxed elementor-section-height-default elementor-section-height-default elementor-invisible\" data-id=\"a881293\" data-element_type=\"section\" data-settings=\"{&quot;animation&quot;:&quot;fadeIn&quot;}\">\n\t\t\t\t\t\t<div class=\"elementor-container elementor-column-gap-default\">\n\t\t\t\t\t<div class=\"elementor-column elementor-col-100 elementor-top-column elementor-element elementor-element-c8d9b02\" data-id=\"c8d9b02\" data-element_type=\"column\">\n\t\t\t<div class=\"elementor-widget-wrap elementor-element-populated\">\n\t\t\t\t\t\t<div class=\"elementor-element elementor-element-b508b32 elementor-widget elementor-widget-text-editor\" data-id=\"b508b32\" data-element_type=\"widget\" data-widget_type=\"text-editor.default\">\n\t\t\t\t<div class=\"elementor-widget-container\">\n\t\t\t\t\t\t\t\t\t<p style=\"text-align: center;\"><span style=\"color: #3b71a3; font-family: comic sans ms, sans-serif; font-size: 14pt;\"><strong>Beratung &#8211; Diagnostik &#8211; F\u00f6rderung &#8211; Therapie<\/strong><\/span><\/p><p style=\"text-align: center;\"><span style=\"color: #000000; font-family: comic sans ms, sans-serif; font-size: 12pt;\">f\u00fcr Kinder (ab 5 Jahre), Jugendliche und Erwachsene<\/span><\/p>\t\t\t\t\t\t\t\t<\/div>\n\t\t\t\t<\/div>\n\t\t\t\t\t<\/div>\n\t\t<\/div>\n\t\t\t\t\t<\/div>\n\t\t<\/section>\n\t\t\t\t<section class=\"elementor-section elementor-top-section elementor-element elementor-element-72e5576 animated-slow elementor-section-boxed elementor-section-height-default elementor-section-height-default elementor-invisible\" data-id=\"72e5576\" data-element_type=\"section\" data-settings=\"{&quot;animation&quot;:&quot;zoomIn&quot;}\">\n\t\t\t\t\t\t<div class=\"elementor-container elementor-column-gap-default\">\n\t\t\t\t\t<div class=\"elementor-column elementor-col-100 elementor-top-column elementor-element elementor-element-1bc454f\" data-id=\"1bc454f\" data-element_type=\"column\">\n\t\t\t<div class=\"elementor-widget-wrap elementor-element-populated\">\n\t\t\t\t\t\t<div class=\"elementor-element elementor-element-7c6c017 elementor-widget-divider--view-line elementor-widget elementor-widget-divider\" data-id=\"7c6c017\" data-element_type=\"widget\" data-widget_type=\"divider.default\">\n\t\t\t\t<div class=\"elementor-widget-container\">\n\t\t\t\t\t\t\t<div class=\"elementor-divider\">\n\t\t\t<span class=\"elementor-divider-separator\">\n\t\t\t\t\t\t<\/span>\n\t\t<\/div>\n\t\t\t\t\t\t<\/div>\n\t\t\t\t<\/div>\n\t\t\t\t\t<\/div>\n\t\t<\/div>\n\t\t\t\t\t<\/div>\n\t\t<\/section>\n\t\t\t\t<section class=\"elementor-section elementor-top-section elementor-element elementor-element-c82145a animated-slow elementor-section-boxed elementor-section-height-default elementor-section-height-default elementor-invisible\" data-id=\"c82145a\" data-element_type=\"section\" data-settings=\"{&quot;animation&quot;:&quot;fadeIn&quot;}\">\n\t\t\t\t\t\t<div class=\"elementor-container elementor-column-gap-default\">\n\t\t\t\t\t<div class=\"elementor-column elementor-col-100 elementor-top-column elementor-element elementor-element-148b465\" data-id=\"148b465\" data-element_type=\"column\">\n\t\t\t<div class=\"elementor-widget-wrap elementor-element-populated\">\n\t\t\t\t\t\t<div class=\"elementor-element elementor-element-1eb252f elementor-widget elementor-widget-text-editor\" data-id=\"1eb252f\" data-element_type=\"widget\" data-widget_type=\"text-editor.default\">\n\t\t\t\t<div class=\"elementor-widget-container\">\n\t\t\t\t\t\t\t\t\t<p style=\"text-align: left;\"><span style=\"font-family: comic sans ms, sans-serif; font-size: 12pt; color: #000000;\"><strong>Individuelle lern- und entwicklungstherapeutische F\u00f6rderdiagnostik<br \/><\/strong><strong>Integrative Entwicklungs- und Lerntherapie und -f\u00f6rderung<\/strong><\/span><\/p>\t\t\t\t\t\t\t\t<\/div>\n\t\t\t\t<\/div>\n\t\t\t\t\t<\/div>\n\t\t<\/div>\n\t\t\t\t\t<\/div>\n\t\t<\/section>\n\t\t\t\t<section class=\"elementor-section elementor-top-section elementor-element elementor-element-d2910f7 animated-slow elementor-section-boxed elementor-section-height-default elementor-section-height-default elementor-invisible\" data-id=\"d2910f7\" data-element_type=\"section\" data-settings=\"{&quot;animation&quot;:&quot;zoomIn&quot;}\">\n\t\t\t\t\t\t<div class=\"elementor-container elementor-column-gap-default\">\n\t\t\t\t\t<div class=\"elementor-column elementor-col-100 elementor-top-column elementor-element elementor-element-5a53b24\" data-id=\"5a53b24\" data-element_type=\"column\">\n\t\t\t<div class=\"elementor-widget-wrap elementor-element-populated\">\n\t\t\t\t\t\t<div class=\"elementor-element elementor-element-487cfac elementor-widget-divider--view-line elementor-widget elementor-widget-divider\" data-id=\"487cfac\" data-element_type=\"widget\" data-widget_type=\"divider.default\">\n\t\t\t\t<div class=\"elementor-widget-container\">\n\t\t\t\t\t\t\t<div class=\"elementor-divider\">\n\t\t\t<span class=\"elementor-divider-separator\">\n\t\t\t\t\t\t<\/span>\n\t\t<\/div>\n\t\t\t\t\t\t<\/div>\n\t\t\t\t<\/div>\n\t\t\t\t\t<\/div>\n\t\t<\/div>\n\t\t\t\t\t<\/div>\n\t\t<\/section>\n\t\t\t\t<section class=\"elementor-section elementor-top-section elementor-element elementor-element-d384452 animated-slow elementor-section-boxed elementor-section-height-default elementor-section-height-default elementor-invisible\" data-id=\"d384452\" data-element_type=\"section\" data-settings=\"{&quot;animation&quot;:&quot;fadeIn&quot;}\">\n\t\t\t\t\t\t<div class=\"elementor-container elementor-column-gap-default\">\n\t\t\t\t\t<div class=\"elementor-column elementor-col-100 elementor-top-column elementor-element elementor-element-bd11752\" data-id=\"bd11752\" data-element_type=\"column\">\n\t\t\t<div class=\"elementor-widget-wrap elementor-element-populated\">\n\t\t\t\t\t\t<div class=\"elementor-element elementor-element-d6f059e elementor-widget elementor-widget-text-editor\" data-id=\"d6f059e\" data-element_type=\"widget\" data-widget_type=\"text-editor.default\">\n\t\t\t\t<div class=\"elementor-widget-container\">\n\t\t\t\t\t\t\t\t\t<p><span style=\"color: #000000; font-family: comic sans ms, sans-serif; font-size: 12pt;\"><strong>auf der Grundlage individueller Therapie- und F\u00f6rderplanung<\/strong> <\/span><br \/><span style=\"font-size: 12pt;\"><strong><span style=\"color: #000000; font-family: comic sans ms, sans-serif;\">in den Bereichen:<\/span><\/strong><\/span><\/p><ul><li>\u00a0<span style=\"font-family: comic sans ms, sans-serif; font-size: 12pt; color: #333333;\"> Selbstwertgef\u00fchl und Selbstvertrauen<\/span><\/li><li><span style=\"font-family: comic sans ms, sans-serif; font-size: 12pt; color: #333333;\">\u00a0 Stresspr\u00e4vention und Stressbew\u00e4ltigung<\/span><\/li><li><span style=\"font-family: comic sans ms, sans-serif; font-size: 12pt; color: #333333;\">\u00a0 Kommunikation und Interaktion<\/span><\/li><li><span style=\"font-family: comic sans ms, sans-serif; font-size: 12pt; color: #333333;\">\u00a0 Soziale Kompetenz<\/span><\/li><li><span style=\"font-family: comic sans ms, sans-serif; font-size: 12pt; color: #333333;\"><span style=\"font-family: comic sans ms, sans-serif;\">\u00a0 Selbststeuerung und Selbst\u00fcberpr\u00fcfung<\/span><\/span><\/li><li>\u00a0<\/li><li><span style=\"font-family: comic sans ms, sans-serif; font-size: 12pt; color: #333333;\">\u00a0 Aufmerksamkeit und Konzentration<\/span><\/li><li><span style=\"font-family: comic sans ms, sans-serif; font-size: 12pt; color: #333333;\"><span style=\"font-family: comic sans ms, sans-serif;\">\u00a0 Motivation und Anstrengungsbereitschaft<\/span><\/span><\/li><li><span style=\"font-family: comic sans ms, sans-serif; font-size: 12pt; color: #333333;\">\u00a0 Wahrnehmung, K\u00f6rpergef\u00fchl, H\u00f6ren und Sehen<\/span><\/li><li><span style=\"font-family: comic sans ms, sans-serif; font-size: 12pt; color: #333333;\">\u00a0 Geschicklichkeit, motorische Koordination<\/span><\/li><li><span style=\"font-family: comic sans ms, sans-serif; font-size: 12pt; color: #333333;\">\u00a0 Feinmotorik, Grafomotorik<\/span><\/li><li>\u00a0<\/li><li><span style=\"font-family: comic sans ms, sans-serif; font-size: 12pt; color: #333333;\"><span style=\"font-family: comic sans ms, sans-serif;\">\u00a0 Handlungsplanung<\/span><\/span><\/li><li><span style=\"font-family: comic sans ms, sans-serif; font-size: 12pt; color: #333333;\">\u00a0 Sprechen, Sprache und Sprachsinn<\/span><\/li><li><span style=\"font-family: comic sans ms, sans-serif; font-size: 12pt; color: #333333;\">\u00a0 Lesen, Schreiben und Rechtschreibstrategien<\/span><\/li><li><span style=\"font-family: comic sans ms, sans-serif; font-size: 12pt; color: #333333;\"><span style=\"font-family: comic sans ms, sans-serif;\">\u00a0 Mathematische Kompetenzen, Rechnen und Rechenstrategien<\/span><\/span><\/li><li><span style=\"font-family: comic sans ms, sans-serif; font-size: 12pt; color: #333333;\">\u00a0 Selbst- und Lernorganisation<\/span><\/li><li><span style=\"font-family: comic sans ms, sans-serif; font-size: 12pt; color: #333333;\">\u00a0 Lernmethodik und Lernstrategie<\/span><\/li><\/ul>\t\t\t\t\t\t\t\t<\/div>\n\t\t\t\t<\/div>\n\t\t\t\t\t<\/div>\n\t\t<\/div>\n\t\t\t\t\t<\/div>\n\t\t<\/section>\n\t\t\t\t<section class=\"elementor-section elementor-top-section elementor-element elementor-element-5904981 animated-slow elementor-section-boxed elementor-section-height-default elementor-section-height-default elementor-invisible\" data-id=\"5904981\" data-element_type=\"section\" data-settings=\"{&quot;animation&quot;:&quot;fadeIn&quot;}\">\n\t\t\t\t\t\t<div class=\"elementor-container elementor-column-gap-default\">\n\t\t\t\t\t<div class=\"elementor-column elementor-col-100 elementor-top-column elementor-element elementor-element-84040cb\" data-id=\"84040cb\" data-element_type=\"column\">\n\t\t\t<div class=\"elementor-widget-wrap elementor-element-populated\">\n\t\t\t\t\t\t<div class=\"elementor-element elementor-element-35580b4 elementor-widget elementor-widget-text-editor\" data-id=\"35580b4\" data-element_type=\"widget\" data-widget_type=\"text-editor.default\">\n\t\t\t\t<div class=\"elementor-widget-container\">\n\t\t\t\t\t\t\t\t\t<p><span style=\"color: #000000; font-family: comic sans ms, sans-serif; font-size: 10pt;\"><strong><br \/><span style=\"font-size: 12pt;\">Integrative Lernf\u00f6rderung in Schule<\/span><\/strong><\/span><\/p>\t\t\t\t\t\t\t\t<\/div>\n\t\t\t\t<\/div>\n\t\t\t\t\t<\/div>\n\t\t<\/div>\n\t\t\t\t\t<\/div>\n\t\t<\/section>\n\t\t\t\t<section class=\"elementor-section elementor-top-section elementor-element elementor-element-38c2a30 animated-slow elementor-section-boxed elementor-section-height-default elementor-section-height-default elementor-invisible\" data-id=\"38c2a30\" data-element_type=\"section\" data-settings=\"{&quot;animation&quot;:&quot;fadeIn&quot;}\">\n\t\t\t\t\t\t<div class=\"elementor-container elementor-column-gap-default\">\n\t\t\t\t\t<div class=\"elementor-column elementor-col-100 elementor-top-column elementor-element elementor-element-fadbb25\" data-id=\"fadbb25\" data-element_type=\"column\">\n\t\t\t<div class=\"elementor-widget-wrap elementor-element-populated\">\n\t\t\t\t\t\t<div class=\"elementor-element elementor-element-2514c5c elementor-widget elementor-widget-text-editor\" data-id=\"2514c5c\" data-element_type=\"widget\" data-widget_type=\"text-editor.default\">\n\t\t\t\t<div class=\"elementor-widget-container\">\n\t\t\t\t\t\t\t\t\t<p><span style=\"color: #000000; font-family: comic sans ms, sans-serif; font-size: 12pt;\"><strong>Systemische Beratung und Therapie<\/strong><\/span><\/p>\t\t\t\t\t\t\t\t<\/div>\n\t\t\t\t<\/div>\n\t\t\t\t\t<\/div>\n\t\t<\/div>\n\t\t\t\t\t<\/div>\n\t\t<\/section>\n\t\t\t\t<section class=\"elementor-section elementor-top-section elementor-element elementor-element-7d6e100 animated-slow elementor-section-boxed elementor-section-height-default elementor-section-height-default elementor-invisible\" data-id=\"7d6e100\" data-element_type=\"section\" data-settings=\"{&quot;animation&quot;:&quot;zoomIn&quot;}\">\n\t\t\t\t\t\t<div class=\"elementor-container elementor-column-gap-default\">\n\t\t\t\t\t<div class=\"elementor-column elementor-col-100 elementor-top-column elementor-element elementor-element-51033c7\" data-id=\"51033c7\" data-element_type=\"column\">\n\t\t\t<div class=\"elementor-widget-wrap elementor-element-populated\">\n\t\t\t\t\t\t<div class=\"elementor-element elementor-element-d28cedd elementor-widget-divider--view-line elementor-widget elementor-widget-divider\" data-id=\"d28cedd\" data-element_type=\"widget\" data-widget_type=\"divider.default\">\n\t\t\t\t<div class=\"elementor-widget-container\">\n\t\t\t\t\t\t\t<div class=\"elementor-divider\">\n\t\t\t<span class=\"elementor-divider-separator\">\n\t\t\t\t\t\t<\/span>\n\t\t<\/div>\n\t\t\t\t\t\t<\/div>\n\t\t\t\t<\/div>\n\t\t\t\t\t<\/div>\n\t\t<\/div>\n\t\t\t\t\t<\/div>\n\t\t<\/section>\n\t\t\t\t<section class=\"elementor-section elementor-top-section elementor-element elementor-element-5e15f6f animated-slow elementor-section-boxed elementor-section-height-default elementor-section-height-default elementor-invisible\" data-id=\"5e15f6f\" data-element_type=\"section\" data-settings=\"{&quot;animation&quot;:&quot;fadeIn&quot;}\">\n\t\t\t\t\t\t<div class=\"elementor-container elementor-column-gap-default\">\n\t\t\t\t\t<div class=\"elementor-column elementor-col-100 elementor-top-column elementor-element elementor-element-0aad932\" data-id=\"0aad932\" data-element_type=\"column\">\n\t\t\t<div class=\"elementor-widget-wrap elementor-element-populated\">\n\t\t\t\t\t\t<div class=\"elementor-element elementor-element-1854bf8 elementor-widget elementor-widget-text-editor\" data-id=\"1854bf8\" data-element_type=\"widget\" data-widget_type=\"text-editor.default\">\n\t\t\t\t<div class=\"elementor-widget-container\">\n\t\t\t\t\t\t\t\t\t<p><span style=\"color: #000000; font-family: comic sans ms, sans-serif; font-size: 12pt;\"><strong>Systemische Beratung im Rahmen integrativer Lerntherapie und -f\u00f6rderung<\/strong><\/span><\/p><ul><li><span style=\"color: #000000; font-family: comic sans ms, sans-serif; font-size: 12pt;\">\u00a0 <span style=\"color: #333333;\">Regelm\u00e4\u00dfige Elterngespr\u00e4che<\/span><\/span><\/li><li><span style=\"color: #333333; font-family: comic sans ms, sans-serif; font-size: 12pt;\">\u00a0 Beratungen\/Gespr\u00e4che mit den LehrerInnen des Kindes\/Jugendlichen<\/span><\/li><li><span style=\"color: #333333; font-family: comic sans ms, sans-serif; font-size: 12pt;\">\u00a0 Beratungen\/Gespr\u00e4che und Kooperation mit anderen Fachinstitutionen<\/span><\/li><\/ul><p><span style=\"color: #000000; font-family: comic sans ms, sans-serif; font-size: 12pt;\"><strong><br \/><\/strong><strong>Einzelberatung<\/strong><\/span><\/p><p><span style=\"color: #000000; font-family: comic sans ms, sans-serif; font-size: 12pt;\"><strong>Erziehungs- und Elternberatung<\/strong><\/span><\/p><p><span style=\"color: #000000; font-family: comic sans ms, sans-serif; font-size: 12pt;\"><strong>Paarberatung<\/strong><\/span><\/p><p><span style=\"color: #000000; font-family: comic sans ms, sans-serif; font-size: 12pt;\"><strong>Familienberatung und -therapie<\/strong><\/span><\/p><p><span style=\"color: #000000; font-family: comic sans ms, sans-serif; font-size: 12pt;\"><strong>Teamberatung<\/strong><\/span><\/p>\t\t\t\t\t\t\t\t<\/div>\n\t\t\t\t<\/div>\n\t\t\t\t\t<\/div>\n\t\t<\/div>\n\t\t\t\t\t<\/div>\n\t\t<\/section>\n\t\t\t\t<\/div>\n\t\t","protected":false},"excerpt":{"rendered":"<p>Beratung &#8211; Diagnostik &#8211; F\u00f6rderung &#8211; Therapie f\u00fcr Kinder (ab 5 Jahre), Jugendliche und Erwachsene Individuelle lern- und entwicklungstherapeutische F\u00f6rderdiagnostikIntegrative Entwicklungs- und Lerntherapie und -f\u00f6rderung auf der Grundlage individueller Therapie- und F\u00f6rderplanung in den Bereichen: \u00a0 Selbstwertgef\u00fchl und Selbstvertrauen \u00a0 Stresspr\u00e4vention und Stressbew\u00e4ltigung \u00a0 Kommunikation und Interaktion \u00a0 Soziale Kompetenz \u00a0 Selbststeuerung und Selbst\u00fcberpr\u00fcfung \u00a0 [&hellip;]<\/p>\n","protected":false},"author":1,"featured_media":0,"parent":0,"menu_order":0,"comment_status":"closed","ping_status":"closed","template":"","meta":{"footnotes":""},"class_list":["post-21","page","type-page","status-publish","hentry"],"_links":{"self":[{"href":"https:\/\/Wir-und-Lernen.de\/index.php?rest_route=\/wp\/v2\/pages\/21","targetHints":{"allow":["GET"]}}],"collection":[{"href":"https:\/\/Wir-und-Lernen.de\/index.php?rest_route=\/wp\/v2\/pages"}],"about":[{"href":"https:\/\/Wir-und-Lernen.de\/index.php?rest_route=\/wp\/v2\/types\/page"}],"author":[{"embeddable":true,"href":"https:\/\/Wir-und-Lernen.de\/index.php?rest_route=\/wp\/v2\/users\/1"}],"replies":[{"embeddable":true,"href":"https:\/\/Wir-und-Lernen.de\/index.php?rest_route=%2Fwp%2Fv2%2Fcomments&post=21"}],"version-history":[{"count":39,"href":"https:\/\/Wir-und-Lernen.de\/index.php?rest_route=\/wp\/v2\/pages\/21\/revisions"}],"predecessor-version":[{"id":692,"href":"https:\/\/Wir-und-Lernen.de\/index.php?rest_route=\/wp\/v2\/pages\/21\/revisions\/692"}],"wp:attachment":[{"href":"https:\/\/Wir-und-Lernen.de\/index.php?rest_route=%2Fwp%2Fv2%2Fmedia&parent=21"}],"curies":[{"name":"wp","href":"https:\/\/api.w.org\/{rel}","templated":true}]}}